{"id":58861,"date":"2021-07-07T09:12:38","date_gmt":"2021-07-07T07:12:38","guid":{"rendered":"https:\/\/p-51headhunters.de\/stellenangebote\/"},"modified":"2025-08-29T07:56:10","modified_gmt":"2025-08-29T05:56:10","slug":"job-offers","status":"publish","type":"page","link":"https:\/\/p-51headhunters.de\/en\/job-offers\/","title":{"rendered":"Job offers"},"content":{"rendered":"<p>[et_pb_section fb_built=&#8221;1&#8243; module_class=&#8221;final_secondary_header&#8221; _builder_version=&#8221;4.16&#8243; _module_preset=&#8221;default&#8221; use_background_color_gradient=&#8221;on&#8221; background_color_gradient_stops=&#8221;rgba(0,0,0,0.6) 0%|rgba(0,0,0,0.6) 100%&#8221; background_color_gradient_overlays_image=&#8221;on&#8221; background_color_gradient_start=&#8221;rgba(0,0,0,0.6)&#8221; background_color_gradient_end=&#8221;rgba(0,0,0,0.6)&#8221; background_image=&#8221;https:\/\/p-51headhunters.de\/wp-content\/uploads\/2021\/09\/stellenangebote.jpg&#8221; background_position=&#8221;bottom_center&#8221; vertical_offset_tablet=&#8221;0&#8243; horizontal_offset_tablet=&#8221;0&#8243; box_shadow_horizontal_tablet=&#8221;0px&#8221; box_shadow_vertical_tablet=&#8221;0px&#8221; box_shadow_blur_tablet=&#8221;40px&#8221; box_shadow_spread_tablet=&#8221;0px&#8221; locked=&#8221;off&#8221; global_colors_info=&#8221;{}&#8221;][et_pb_row column_structure=&#8221;2_3,1_3&#8243; _builder_version=&#8221;4.16&#8243; _module_preset=&#8221;default&#8221; global_colors_info=&#8221;{}&#8221;][et_pb_column type=&#8221;2_3&#8243; _builder_version=&#8221;4.16&#8243; _module_preset=&#8221;default&#8221; global_colors_info=&#8221;{}&#8221;][et_pb_post_title meta=&#8221;off&#8221; featured_image=&#8221;off&#8221; module_class=&#8221;white_text common_htags&#8221; _builder_version=&#8221;4.16&#8243; _module_preset=&#8221;default&#8221; global_colors_info=&#8221;{}&#8221;][\/et_pb_post_title][\/et_pb_column][et_pb_column type=&#8221;1_3&#8243; _builder_version=&#8221;4.16&#8243; _module_preset=&#8221;default&#8221; global_colors_info=&#8221;{}&#8221;][\/et_pb_column][\/et_pb_row][et_pb_row column_structure=&#8221;1_5,1_5,1_5,1_5,1_5&#8243; use_custom_gutter=&#8221;on&#8221; gutter_width=&#8221;1&#8243; module_class=&#8221;second_row_full_width&#8221; _builder_version=&#8221;4.27.2&#8243; _module_preset=&#8221;default&#8221; global_colors_info=&#8221;{}&#8221;][et_pb_column type=&#8221;1_5&#8243; module_class=&#8221;second_green_col&#8221; _builder_version=&#8221;4.27.2&#8243; _module_preset=&#8221;default&#8221; link_option_url=&#8221;\/en\/contact\/&#8221; global_colors_info=&#8221;{}&#8221;][et_pb_text _builder_version=&#8221;4.27.2&#8243; _module_preset=&#8221;default&#8221; global_colors_info=&#8221;{}&#8221;]<\/p>\n<div class=\"green_text_box\">\n<h5>Arrange an initial consultation<\/h5>\n<p class=\"text_with_arrow\">Free and non-binding<\/p>\n<\/div>\n<p>[\/et_pb_text][\/et_pb_column][et_pb_column type=&#8221;1_5&#8243; module_class=&#8221;second_white_col&#8221; _builder_version=&#8221;4.16&#8243; _module_preset=&#8221;default&#8221; global_colors_info=&#8221;{}&#8221;][\/et_pb_column][et_pb_column type=&#8221;1_5&#8243; _builder_version=&#8221;4.16&#8243; _module_preset=&#8221;default&#8221; global_colors_info=&#8221;{}&#8221;][\/et_pb_column][et_pb_column type=&#8221;1_5&#8243; _builder_version=&#8221;4.16&#8243; _module_preset=&#8221;default&#8221; global_colors_info=&#8221;{}&#8221;][\/et_pb_column][et_pb_column type=&#8221;1_5&#8243; _builder_version=&#8221;4.16&#8243; _module_preset=&#8221;default&#8221; global_colors_info=&#8221;{}&#8221;][\/et_pb_column][\/et_pb_row][\/et_pb_section][et_pb_section fb_built=&#8221;1&#8243; module_class=&#8221;job_section stellenangebote_job_section&#8221; _builder_version=&#8221;4.16&#8243; _module_preset=&#8221;default&#8221; background_color=&#8221;#fbfbfb&#8221; locked=&#8221;off&#8221; global_colors_info=&#8221;{}&#8221;][et_pb_row column_structure=&#8221;3_5,2_5&#8243; module_class=&#8221;job_heading_row&#8221; _builder_version=&#8221;4.16&#8243; _module_preset=&#8221;default&#8221; global_colors_info=&#8221;{}&#8221;][et_pb_column type=&#8221;3_5&#8243; _builder_version=&#8221;4.16&#8243; custom_padding=&#8221;|||&#8221; global_colors_info=&#8221;{}&#8221; custom_padding__hover=&#8221;|||&#8221;][et_pb_text module_class=&#8221;common_htags mb0&#8243; _builder_version=&#8221;4.21.0&#8243; _module_preset=&#8221;default&#8221; global_colors_info=&#8221;{}&#8221;]<\/p>\n<h2>Job offers<\/h2>\n<p>[\/et_pb_text][et_pb_text module_class=&#8221;fonts_18 &#8221; _builder_version=&#8221;4.21.0&#8243; _module_preset=&#8221;default&#8221; vertical_offset_tablet=&#8221;0&#8243; horizontal_offset_tablet=&#8221;0&#8243; z_index_tablet=&#8221;0&#8243; text_text_shadow_horizontal_length_tablet=&#8221;0px&#8221; text_text_shadow_vertical_length_tablet=&#8221;0px&#8221; text_text_shadow_blur_strength_tablet=&#8221;1px&#8221; link_text_shadow_horizontal_length_tablet=&#8221;0px&#8221; link_text_shadow_vertical_length_tablet=&#8221;0px&#8221; link_text_shadow_blur_strength_tablet=&#8221;1px&#8221; ul_text_shadow_horizontal_length_tablet=&#8221;0px&#8221; ul_text_shadow_vertical_length_tablet=&#8221;0px&#8221; ul_text_shadow_blur_strength_tablet=&#8221;1px&#8221; ol_text_shadow_horizontal_length_tablet=&#8221;0px&#8221; ol_text_shadow_vertical_length_tablet=&#8221;0px&#8221; ol_text_shadow_blur_strength_tablet=&#8221;1px&#8221; quote_text_shadow_horizontal_length_tablet=&#8221;0px&#8221; quote_text_shadow_vertical_length_tablet=&#8221;0px&#8221; quote_text_shadow_blur_strength_tablet=&#8221;1px&#8221; header_text_shadow_horizontal_length_tablet=&#8221;0px&#8221; header_text_shadow_vertical_length_tablet=&#8221;0px&#8221; header_text_shadow_blur_strength_tablet=&#8221;1px&#8221; header_2_text_shadow_horizontal_length_tablet=&#8221;0px&#8221; header_2_text_shadow_vertical_length_tablet=&#8221;0px&#8221; header_2_text_shadow_blur_strength_tablet=&#8221;1px&#8221; header_3_text_shadow_horizontal_length_tablet=&#8221;0px&#8221; header_3_text_shadow_vertical_length_tablet=&#8221;0px&#8221; header_3_text_shadow_blur_strength_tablet=&#8221;1px&#8221; header_4_text_shadow_horizontal_length_tablet=&#8221;0px&#8221; header_4_text_shadow_vertical_length_tablet=&#8221;0px&#8221; header_4_text_shadow_blur_strength_tablet=&#8221;1px&#8221; header_5_text_shadow_horizontal_length_tablet=&#8221;0px&#8221; header_5_text_shadow_vertical_length_tablet=&#8221;0px&#8221; header_5_text_shadow_blur_strength_tablet=&#8221;1px&#8221; header_6_text_shadow_horizontal_length_tablet=&#8221;0px&#8221; header_6_text_shadow_vertical_length_tablet=&#8221;0px&#8221; header_6_text_shadow_blur_strength_tablet=&#8221;1px&#8221; box_shadow_horizontal_tablet=&#8221;0px&#8221; box_shadow_vertical_tablet=&#8221;0px&#8221; box_shadow_blur_tablet=&#8221;40px&#8221; box_shadow_spread_tablet=&#8221;0px&#8221; global_colors_info=&#8221;{}&#8221;]Here you will find our international career portal with the current job vacancies. Can&#8217;t find a suitable position for you? Then please send us your application documents.<\/p>\n<p>We will contact you as soon as a suitable vacancy becomes available and it matches your profile. This service is of course free of charge for our applicants.[\/et_pb_text][\/et_pb_column][et_pb_column type=&#8221;2_5&#8243; _builder_version=&#8221;4.16&#8243; custom_padding=&#8221;|||&#8221; global_colors_info=&#8221;{}&#8221; custom_padding__hover=&#8221;|||&#8221;][\/et_pb_column][\/et_pb_row][et_pb_row module_class=&#8221;job_row&#8221; _builder_version=&#8221;4.16&#8243; _module_preset=&#8221;default&#8221; global_colors_info=&#8221;{}&#8221;][et_pb_column type=&#8221;4_4&#8243; _builder_version=&#8221;4.16&#8243; _module_preset=&#8221;default&#8221; global_colors_info=&#8221;{}&#8221;][et_pb_text module_class=&#8221;job_col stellenangebote_job_col&#8221; _builder_version=&#8221;4.27.2&#8243; _module_preset=&#8221;default&#8221; global_colors_info=&#8221;{}&#8221;]<\/p>\n<div class=\"job_listings\" data-location=\"\" data-keywords=\"\" data-show_filters=\"true\" data-show_pagination=\"false\" data-per_page=\"10\" data-orderby=\"featured\" data-order=\"DESC\" data-categories=\"\" data-disable-form-state-storage=\"\" data-post_id=\"58861\" >\n<form class=\"job_filters\">\n\t\n\t<div class=\"search_jobs\">\n\t\t\n\t\t<div class=\"search_keywords\">\n\t\t\t<label for=\"search_keywords\">Keywords<\/label>\n\t\t\t<input type=\"text\" name=\"search_keywords\" id=\"search_keywords\" placeholder=\"Keywords\" value=\"\" \/>\n\t\t<\/div>\n\n\t\t<div class=\"search_location\">\n\t\t\t<label for=\"search_location\">Location<\/label>\n\t\t\t<input type=\"text\" name=\"search_location\" id=\"search_location\" placeholder=\"Location\" value=\"\" \/>\n\t\t<\/div>\n\n\t\t<div style=\"clear: both\"><\/div>\n\n\t\t\n\t\t\t\t\t<div class=\"search_submit\">\n\t\t\t\t<input type=\"submit\" value=\"Search Jobs\">\n\t\t\t<\/div>\n\t\t\n\t\t<div class=\"filter_wide filter_by_tag\">Filter by tag: <span class=\"filter_by_tag_cloud\"><\/span><\/div>\t<\/div>\n\n\t\t<ul class=\"job_types\">\n\t\t\t<\/ul>\n\t<input type=\"hidden\" name=\"filter_job_type[]\" value=\"\" \/>\n<div class=\"showing_jobs\"><\/div><\/form>\n\n\n<noscript>Your browser does not support JavaScript, or it is disabled. JavaScript must be enabled in order to view listings.<\/noscript>\n<ul class=\"job_listings\">\n<\/ul>\n<a class=\"load_more_jobs\" href=\"#\" style=\"display:none;\"><strong>Load more listings<\/strong><\/a><\/div>\n<p>[\/et_pb_text][\/et_pb_column][\/et_pb_row][\/et_pb_section]<\/p>\n","protected":false},"excerpt":{"rendered":"<p>Arrange an initial consultation Free and non-binding Job offers Here you will find our international career portal with the current job vacancies. Can&#8217;t find a suitable position for you? Then please send us your application documents. We will contact you as soon as a suitable vacancy becomes available and it matches your profile. This service [&hellip;]<\/p>\n","protected":false},"author":3,"featured_media":0,"parent":0,"menu_order":0,"comment_status":"closed","ping_status":"closed","template":"","meta":{"_acf_changed":false,"_et_pb_use_builder":"on","_et_pb_old_content":"","_et_gb_content_width":"","footnotes":""},"class_list":["post-58861","page","type-page","status-publish","hentry"],"acf":[],"yoast_head":"<!-- This site is optimized with the Yoast SEO Premium plugin v22.3 (Yoast SEO v26.0) - https:\/\/yoast.com\/wordpress\/plugins\/seo\/ -->\n<title>Headhunters for executives and engineers<\/title>\n<meta name=\"description\" content=\"P51-Headhunters Frankfurt: Job vacancies &amp; direct search for executives, engineers &amp; sales professionals. Personnel consulting &amp; placement throughout Europe.\" \/>\n<meta name=\"robots\" content=\"index, follow, max-snippet:-1, max-image-preview:large, max-video-preview:-1\" \/>\n<link rel=\"canonical\" href=\"https:\/\/p-51headhunters.de\/en\/job-offers\/\" \/>\n<meta property=\"og:locale\" content=\"en_US\" \/>\n<meta property=\"og:type\" content=\"article\" \/>\n<meta property=\"og:title\" content=\"Job offers\" \/>\n<meta property=\"og:description\" content=\"P51-Headhunters Frankfurt: Job vacancies &amp; direct search for executives, engineers &amp; sales professionals. Personnel consulting &amp; placement throughout Europe.\" \/>\n<meta property=\"og:url\" content=\"https:\/\/p-51headhunters.de\/en\/job-offers\/\" \/>\n<meta property=\"og:site_name\" content=\"P-51 Headhunters\" \/>\n<meta property=\"article:modified_time\" content=\"2025-08-29T05:56:10+00:00\" \/>\n<meta name=\"twitter:card\" content=\"summary_large_image\" \/>\n<meta name=\"twitter:site\" content=\"@P51Headhunters\" \/>\n<meta name=\"twitter:label1\" content=\"Est. reading time\" \/>\n\t<meta name=\"twitter:data1\" content=\"1 minute\" \/>\n<script type=\"application\/ld+json\" class=\"yoast-schema-graph\">{\"@context\":\"https:\/\/schema.org\",\"@graph\":[{\"@type\":\"WebPage\",\"@id\":\"https:\/\/p-51headhunters.de\/en\/job-offers\/\",\"url\":\"https:\/\/p-51headhunters.de\/en\/job-offers\/\",\"name\":\"Headhunters for executives and engineers\",\"isPartOf\":{\"@id\":\"https:\/\/p-51headhunters.de\/#website\"},\"datePublished\":\"2021-07-07T07:12:38+00:00\",\"dateModified\":\"2025-08-29T05:56:10+00:00\",\"description\":\"P51-Headhunters Frankfurt: Job vacancies & direct search for executives, engineers & sales professionals. Personnel consulting & placement throughout Europe.\",\"breadcrumb\":{\"@id\":\"https:\/\/p-51headhunters.de\/en\/job-offers\/#breadcrumb\"},\"inLanguage\":\"en-US\",\"potentialAction\":[{\"@type\":\"ReadAction\",\"target\":[\"https:\/\/p-51headhunters.de\/en\/job-offers\/\"]}]},{\"@type\":\"BreadcrumbList\",\"@id\":\"https:\/\/p-51headhunters.de\/en\/job-offers\/#breadcrumb\",\"itemListElement\":[{\"@type\":\"ListItem\",\"position\":1,\"name\":\"Startseite\",\"item\":\"https:\/\/p-51headhunters.de\/en\/\"},{\"@type\":\"ListItem\",\"position\":2,\"name\":\"Job offers\"}]},{\"@type\":\"WebSite\",\"@id\":\"https:\/\/p-51headhunters.de\/#website\",\"url\":\"https:\/\/p-51headhunters.de\/\",\"name\":\"P-51 Headhunters\",\"description\":\"Wir sind Ihre Personalberatung f\u00fcr den Mittelstand, wenn es um Flexibilit\u00e4t, Fingerspitzengef\u00fchl, und Internationalit\u00e4t geht.\",\"publisher\":{\"@id\":\"https:\/\/p-51headhunters.de\/#organization\"},\"potentialAction\":[{\"@type\":\"SearchAction\",\"target\":{\"@type\":\"EntryPoint\",\"urlTemplate\":\"https:\/\/p-51headhunters.de\/?s={search_term_string}\"},\"query-input\":{\"@type\":\"PropertyValueSpecification\",\"valueRequired\":true,\"valueName\":\"search_term_string\"}}],\"inLanguage\":\"en-US\"},{\"@type\":\"Organization\",\"@id\":\"https:\/\/p-51headhunters.de\/#organization\",\"name\":\"P-51 Headhunters\",\"url\":\"https:\/\/p-51headhunters.de\/\",\"logo\":{\"@type\":\"ImageObject\",\"inLanguage\":\"en-US\",\"@id\":\"https:\/\/p-51headhunters.de\/#\/schema\/logo\/image\/\",\"url\":\"https:\/\/p-51headhunters.de\/wp-content\/uploads\/2023\/05\/p51-Logo.jpg\",\"contentUrl\":\"https:\/\/p-51headhunters.de\/wp-content\/uploads\/2023\/05\/p51-Logo.jpg\",\"width\":1300,\"height\":1000,\"caption\":\"P-51 Headhunters\"},\"image\":{\"@id\":\"https:\/\/p-51headhunters.de\/#\/schema\/logo\/image\/\"},\"sameAs\":[\"https:\/\/x.com\/P51Headhunters\",\"https:\/\/www.xing.com\/profile\/Michael_Engel2\/cv\",\"https:\/\/www.linkedin.com\/in\/michael-engel-7720153\/\"]}]}<\/script>\n<!-- \/ Yoast SEO Premium plugin. -->","yoast_head_json":{"title":"Headhunters for executives and engineers","description":"P51-Headhunters Frankfurt: Job vacancies & direct search for executives, engineers & sales professionals. Personnel consulting & placement throughout Europe.","robots":{"index":"index","follow":"follow","max-snippet":"max-snippet:-1","max-image-preview":"max-image-preview:large","max-video-preview":"max-video-preview:-1"},"canonical":"https:\/\/p-51headhunters.de\/en\/job-offers\/","og_locale":"en_US","og_type":"article","og_title":"Job offers","og_description":"P51-Headhunters Frankfurt: Job vacancies & direct search for executives, engineers & sales professionals. Personnel consulting & placement throughout Europe.","og_url":"https:\/\/p-51headhunters.de\/en\/job-offers\/","og_site_name":"P-51 Headhunters","article_modified_time":"2025-08-29T05:56:10+00:00","twitter_card":"summary_large_image","twitter_site":"@P51Headhunters","twitter_misc":{"Est. reading time":"1 minute"},"schema":{"@context":"https:\/\/schema.org","@graph":[{"@type":"WebPage","@id":"https:\/\/p-51headhunters.de\/en\/job-offers\/","url":"https:\/\/p-51headhunters.de\/en\/job-offers\/","name":"Headhunters for executives and engineers","isPartOf":{"@id":"https:\/\/p-51headhunters.de\/#website"},"datePublished":"2021-07-07T07:12:38+00:00","dateModified":"2025-08-29T05:56:10+00:00","description":"P51-Headhunters Frankfurt: Job vacancies & direct search for executives, engineers & sales professionals. Personnel consulting & placement throughout Europe.","breadcrumb":{"@id":"https:\/\/p-51headhunters.de\/en\/job-offers\/#breadcrumb"},"inLanguage":"en-US","potentialAction":[{"@type":"ReadAction","target":["https:\/\/p-51headhunters.de\/en\/job-offers\/"]}]},{"@type":"BreadcrumbList","@id":"https:\/\/p-51headhunters.de\/en\/job-offers\/#breadcrumb","itemListElement":[{"@type":"ListItem","position":1,"name":"Startseite","item":"https:\/\/p-51headhunters.de\/en\/"},{"@type":"ListItem","position":2,"name":"Job offers"}]},{"@type":"WebSite","@id":"https:\/\/p-51headhunters.de\/#website","url":"https:\/\/p-51headhunters.de\/","name":"P-51 Headhunters","description":"Wir sind Ihre Personalberatung f\u00fcr den Mittelstand, wenn es um Flexibilit\u00e4t, Fingerspitzengef\u00fchl, und Internationalit\u00e4t geht.","publisher":{"@id":"https:\/\/p-51headhunters.de\/#organization"},"potentialAction":[{"@type":"SearchAction","target":{"@type":"EntryPoint","urlTemplate":"https:\/\/p-51headhunters.de\/?s={search_term_string}"},"query-input":{"@type":"PropertyValueSpecification","valueRequired":true,"valueName":"search_term_string"}}],"inLanguage":"en-US"},{"@type":"Organization","@id":"https:\/\/p-51headhunters.de\/#organization","name":"P-51 Headhunters","url":"https:\/\/p-51headhunters.de\/","logo":{"@type":"ImageObject","inLanguage":"en-US","@id":"https:\/\/p-51headhunters.de\/#\/schema\/logo\/image\/","url":"https:\/\/p-51headhunters.de\/wp-content\/uploads\/2023\/05\/p51-Logo.jpg","contentUrl":"https:\/\/p-51headhunters.de\/wp-content\/uploads\/2023\/05\/p51-Logo.jpg","width":1300,"height":1000,"caption":"P-51 Headhunters"},"image":{"@id":"https:\/\/p-51headhunters.de\/#\/schema\/logo\/image\/"},"sameAs":["https:\/\/x.com\/P51Headhunters","https:\/\/www.xing.com\/profile\/Michael_Engel2\/cv","https:\/\/www.linkedin.com\/in\/michael-engel-7720153\/"]}]}},"_links":{"self":[{"href":"https:\/\/p-51headhunters.de\/en\/wp-json\/wp\/v2\/pages\/58861","targetHints":{"allow":["GET"]}}],"collection":[{"href":"https:\/\/p-51headhunters.de\/en\/wp-json\/wp\/v2\/pages"}],"about":[{"href":"https:\/\/p-51headhunters.de\/en\/wp-json\/wp\/v2\/types\/page"}],"author":[{"embeddable":true,"href":"https:\/\/p-51headhunters.de\/en\/wp-json\/wp\/v2\/users\/3"}],"replies":[{"embeddable":true,"href":"https:\/\/p-51headhunters.de\/en\/wp-json\/wp\/v2\/comments?post=58861"}],"version-history":[{"count":15,"href":"https:\/\/p-51headhunters.de\/en\/wp-json\/wp\/v2\/pages\/58861\/revisions"}],"predecessor-version":[{"id":59286,"href":"https:\/\/p-51headhunters.de\/en\/wp-json\/wp\/v2\/pages\/58861\/revisions\/59286"}],"wp:attachment":[{"href":"https:\/\/p-51headhunters.de\/en\/wp-json\/wp\/v2\/media?parent=58861"}],"curies":[{"name":"wp","href":"https:\/\/api.w.org\/{rel}","templated":true}]}}